{"id":80720,"date":"2024-05-31T15:17:51","date_gmt":"2024-05-31T06:17:51","guid":{"rendered":"https:\/\/asez.org\/mou\/"},"modified":"2025-03-24T09:08:36","modified_gmt":"2025-03-24T00:08:36","slug":"mou","status":"publish","type":"page","link":"https:\/\/asez.org\/es\/mou\/","title":{"rendered":"MDE"},"content":{"rendered":"<div class=\"wp-block-group container-lg status-wrap\">\n<div class=\"wp-block-group__inner-container is-layout-constrained wp-block-group-is-layout-constrained\">\n<p class=\"status-title\">Estado de firmas de MDE<\/p>\n<ul class=\"wp-block-list count-wrap\">\n<li class=\"count-name\">N.\u00ba de pa\u00edses <strong>27 pa\u00edses<\/strong><\/li>\n<li class=\"count-name\">N.\u00ba de MDE <strong>196 MDE<\/strong><\/li>\n<\/ul>\n<\/div>\n<\/div>\n<hr>\n<div class=\"wp-block-group container-lg mou-list\">\n<div class=\"wp-block-group__inner-container is-layout-constrained wp-block-group-is-layout-constrained\">\n<div class=\"wp-block-group item scorll-up\">\n<div class=\"wp-block-group__inner-container is-layout-constrained wp-block-group-is-layout-constrained\">\n<p class=\"wp-block-heading title tit-ico gh\">Ghana<\/p>\n<ul class=\"wp-block-list\">\n<li>Asamblea Metropolitana de Kumasi<\/li>\n<li>Asamblea Municipal de Oforikrom<\/li>\n<\/ul>\n<\/div>\n<\/div>\n<div class=\"wp-block-group item scorll-up\">\n<div class=\"wp-block-group__inner-container is-layout-constrained wp-block-group-is-layout-constrained\">\n<p class=\"wp-block-heading title tit-ico np\">Nepal<\/p>\n<ul class=\"wp-block-list\">\n<li>Ministerio de Educaci\u00f3n<\/li>\n<li>Universidad de Tribhuvan<\/li>\n<li>Ciudad de Katmand\u00fa<\/li>\n<\/ul>\n<\/div>\n<\/div>\n<div class=\"wp-block-group item scorll-up\">\n<div class=\"wp-block-group__inner-container is-layout-constrained wp-block-group-is-layout-constrained\">\n<p class=\"wp-block-heading title tit-ico do\">Rep\u00fablica Dominicana<\/p>\n<ul class=\"wp-block-list\">\n<li>Congreso de la Rep\u00fablica Dominicana<\/li>\n<li>Distrito Municipal de Pedro Garc\u00eda<\/li>\n<li>Ayuntamiento Municipal de Pu\u00f1al<\/li>\n<li>Universidad Tecnol\u00f3gica de Santiago<\/li>\n<\/ul>\n<\/div>\n<\/div>\n<div class=\"wp-block-group item scorll-up\">\n<div class=\"wp-block-group__inner-container is-layout-constrained wp-block-group-is-layout-constrained\">\n<p class=\"wp-block-heading title tit-ico mn\">Mongolia<\/p>\n<ul class=\"wp-block-list\">\n<li>Centro Nacional de Sangre de Mongolia<\/li>\n<li>Municipio distrital de Khan-Uul<\/li>\n<li>Universidad de Ciencias de la Vida de Mongolia<\/li>\n<li>Universidad Shine Ue<\/li>\n<li>Municipalidad distrital de Bayanz\u00fcrkh, Ul\u00e1n Bator<\/li>\n<\/ul>\n<\/div>\n<\/div>\n<div class=\"wp-block-group item scorll-up\">\n<div class=\"wp-block-group__inner-container is-layout-constrained wp-block-group-is-layout-constrained\">\n<p class=\"wp-block-heading title tit-ico br\">Brasil<\/p>\n<ul class=\"wp-block-list\">\n<li>Municipalidad de Santo Andr\u00e9<\/li>\n<li>Distrito de Guaianases<\/li>\n<li>Asamblea Legislativa de Amazonas<\/li>\n<li>Concejo Municipal de Manaos<\/li>\n<li>Municipalidad de Novo Air\u00e3o<\/li>\n<\/ul>\n<\/div>\n<\/div>\n<div class=\"wp-block-group item scorll-up\">\n<div class=\"wp-block-group__inner-container is-layout-constrained wp-block-group-is-layout-constrained\">\n<p class=\"wp-block-heading title tit-ico ar\">Argentina<\/p>\n<ul class=\"wp-block-list\">\n<li>Municipalidad de Tigre<\/li>\n<li>Municipalidad de Pilar<\/li>\n<li>Universidad Nacional de C\u00f3rdoba<\/li>\n<li>Agencia de J\u00f3venes en C\u00f3rdoba<\/li>\n<\/ul>\n<\/div>\n<\/div>\n<div class=\"wp-block-group item scorll-up\">\n<div class=\"wp-block-group__inner-container is-layout-constrained wp-block-group-is-layout-constrained\">\n<p class=\"wp-block-heading title tit-ico cl\">Chile<\/p>\n<ul class=\"wp-block-list\">\n<li>Ministerio del Medio Ambiente<\/li>\n<li>Municipalidad de San Bernardo<\/li>\n<\/ul>\n<\/div>\n<\/div>\n<div class=\"wp-block-group item scorll-up\">\n<div class=\"wp-block-group__inner-container is-layout-constrained wp-block-group-is-layout-constrained\">\n<p class=\"wp-block-heading title tit-ico pe\">Per\u00fa<\/p>\n<ul class=\"wp-block-list\">\n<li>Municipalidad Provincial de Trujillo<\/li>\n<li>Municipalidad Distrital de San Borja<\/li>\n<li>Universidad Nacional del Callao<\/li>\n<li>Universidad Nacional Jos\u00e9 Faustino S\u00e1nchez Carri\u00f3n<\/li>\n<li>Municipalidad Distrital de Socabaya<\/li>\n<li>Municipalidad Distrital de Alto Selva Alegre<\/li>\n<li>Municipalidad Distrital de Characato<\/li>\n<li>Municipalidad Distrital de Cerro Colorado<\/li>\n<li>Escuela Profesional Banca y Seguros<\/li>\n<li>Municipalidad Provincial de Arequipa<\/li>\n<li>Universidad Nacional de San Agust\u00edn de Arequipa<\/li>\n<li>Universidad Nacional del Centro del Per\u00fa<\/li>\n<\/ul>\n<\/div>\n<\/div>\n<div class=\"wp-block-group item scorll-up\">\n<div class=\"wp-block-group__inner-container is-layout-constrained wp-block-group-is-layout-constrained\">\n<p class=\"wp-block-heading title tit-ico gt\">Guatemala<\/p>\n<ul class=\"wp-block-list\">\n<li>Universidad de San Carlos de Guatemala<\/li>\n<\/ul>\n<\/div>\n<\/div>\n<div class=\"wp-block-group item scorll-up\">\n<div class=\"wp-block-group__inner-container is-layout-constrained wp-block-group-is-layout-constrained\">\n<p class=\"wp-block-heading title tit-ico tw\">Taiw\u00e1n<\/p>\n<ul class=\"wp-block-list\">\n<li>Universidad de Tungnan<\/li>\n<li>Oficina Distrital de Daya<\/li>\n<\/ul>\n<\/div>\n<\/div>\n<div class=\"wp-block-group item scorll-up\">\n<div class=\"wp-block-group__inner-container is-layout-constrained wp-block-group-is-layout-constrained\">\n<p class=\"wp-block-heading title tit-ico my\">Malasia<\/p>\n<ul class=\"wp-block-list\">\n<li>Fundaci\u00f3n Cancerlink<\/li>\n<li>Ayuntamiento de Subang Jaya<\/li>\n<\/ul>\n<\/div>\n<\/div>\n<div class=\"wp-block-group item scorll-up\">\n<div class=\"wp-block-group__inner-container is-layout-constrained wp-block-group-is-layout-constrained\">\n<p class=\"wp-block-heading title tit-ico us\">EE. UU.<\/p>\n<ul class=\"wp-block-list\">\n<li>Gobierno juvenil en Murray, Utah<\/li>\n<li>Municipalidad del Sur de Salt Lake<\/li>\n<li>Asociaci\u00f3n de la ONU de Utah<\/li>\n<li>Municipalidad de Capital Hayes, Maryland<\/li>\n<li>Municipalidad de Brentwood, Maryland<\/li>\n<li>Senador de Virginia<\/li>\n<li>Polic\u00eda y Seguridad P\u00fablica de la Universidad Estatal de M\u00edchigan<\/li>\n<li>Ciudad Municipal de Norwalk<\/li>\n<li>Estaci\u00f3n de Polic\u00eda de Washington D. C.<\/li>\n<\/ul>\n<\/div>\n<\/div>\n<div class=\"wp-block-group item scorll-up\">\n<div class=\"wp-block-group__inner-container is-layout-constrained wp-block-group-is-layout-constrained\">\n<p class=\"wp-block-heading title tit-ico bo\">Bolivia<\/p>\n<ul class=\"wp-block-list\">\n<li>Universidad Mayor de San Sim\u00f3n<\/li>\n<\/ul>\n<\/div>\n<\/div>\n<div class=\"wp-block-group item scorll-up\">\n<div class=\"wp-block-group__inner-container is-layout-constrained wp-block-group-is-layout-constrained\">\n<p class=\"wp-block-heading title tit-ico ua\">Ucrania<\/p>\n<ul class=\"wp-block-list\">\n<li>Universidad Nacional Pedag\u00f3gica Drahomanov<\/li>\n<\/ul>\n<\/div>\n<\/div>\n<div class=\"wp-block-group item scorll-up\">\n<div class=\"wp-block-group__inner-container is-layout-constrained wp-block-group-is-layout-constrained\">\n<p class=\"wp-block-heading title tit-ico ec\">Ecuador<\/p>\n<ul class=\"wp-block-list\">\n<li>Alcald\u00eda de Esmeraldas<\/li>\n<li>Universidad T\u00e9cnica Luis Vargas Torres<\/li>\n<li>Universidad Esp\u00edritu Santo<\/li>\n<\/ul>\n<\/div>\n<\/div>\n<div class=\"wp-block-group item scorll-up\">\n<div class=\"wp-block-group__inner-container is-layout-constrained wp-block-group-is-layout-constrained\">\n<p class=\"wp-block-heading title tit-ico kh\">Camboya<\/p>\n<ul class=\"wp-block-list\">\n<li>Escuela Primaria Swai<\/li>\n<li>Ministerio del Medio Ambiente<\/li>\n<\/ul>\n<\/div>\n<\/div>\n<div class=\"wp-block-group item scorll-up\">\n<div class=\"wp-block-group__inner-container is-layout-constrained wp-block-group-is-layout-constrained\">\n<p class=\"wp-block-heading title tit-ico ke\">Kenia<\/p>\n<ul class=\"wp-block-list\">\n<li>Universidad Tom Mboya<\/li>\n<li>Escuela de Formaci\u00f3n M\u00e9dica de Kenia<\/li>\n<\/ul>\n<\/div>\n<\/div>\n<div class=\"wp-block-group item scorll-up\">\n<div class=\"wp-block-group__inner-container is-layout-constrained wp-block-group-is-layout-constrained\">\n<p class=\"wp-block-heading title tit-ico ph\">Filipinas<\/p>\n<ul class=\"wp-block-list\">\n<li>Subdepartamentos de Ciudad Quez\u00f3n<\/li>\n<li>H\u00e1bitat para la Humanidad<\/li>\n<li>Vicealcalde de Ciudad Quez\u00f3n<\/li>\n<li>Subdepartamentos del Municipio de Valenzuela<\/li>\n<li>Municipio de Digos<\/li>\n<li>Consejo de Malanday Barangay<\/li>\n<li>Escuela Secundaria Nacional Sr. Eduardo Barretto<\/li>\n<li>Departamento de Medio Ambiente y Recursos Naturales (DENR), Manila<\/li>\n<\/ul>\n<\/div>\n<\/div>\n<div class=\"wp-block-group item scorll-up\">\n<div class=\"wp-block-group__inner-container is-layout-constrained wp-block-group-is-layout-constrained\">\n<p class=\"wp-block-heading title tit-ico za\">Rep\u00fablica de Sud\u00e1frica<\/p>\n<ul class=\"wp-block-list\">\n<li>Municipalidad de Tshwane<\/li>\n<li>Municipalidad de Emfuleni<\/li>\n<li>Universidad Tecnol\u00f3gica de Tshwane<\/li>\n<li>Servicio de Polic\u00eda de Sud\u00e1frica<\/li>\n<li>Municipio Metropolitano de Ciudad del Cabo<\/li>\n<\/ul>\n<\/div>\n<\/div>\n<div class=\"wp-block-group item scorll-up\">\n<div class=\"wp-block-group__inner-container is-layout-constrained wp-block-group-is-layout-constrained\">\n<p class=\"wp-block-heading title tit-ico kr\">Corea del Sur<\/p>\n<ul class=\"wp-block-list\">\n<li>Estaci\u00f3n de Polic\u00eda de Jecheon<\/li>\n<li>Centro de Voluntarios de Seogu, Gwangju<\/li>\n<li>Municipalidad Distrital de Yuseong-gu en la Ciudad Metropolitana de Daejeon<\/li>\n<li>Municipalidad Distrital de Yeongtong, Suwon<\/li>\n<li>Municipio de Geoje<\/li>\n<li>Municipio de Naju<\/li>\n<li>Municipalidad Distrital de Buk-gu, Gwangju<\/li>\n<li>Municipio de Tongyeong<\/li>\n<li>Municipalidad Distrital de Buk-gu, Daegu<\/li>\n<li>Estaci\u00f3n de la Universidad de Kwangwoon de la Corporaci\u00f3n Ferroviaria de Corea<\/li>\n<\/ul>\n<\/div>\n<\/div>\n<div class=\"wp-block-group item scorll-up\">\n<div class=\"wp-block-group__inner-container is-layout-constrained wp-block-group-is-layout-constrained\">\n<p class=\"wp-block-heading title tit-ico mx\">M\u00e9xico<\/p>\n<ul class=\"wp-block-list\">\n<li>Ayuntamiento de Toluca<\/li>\n<li>Escuela Primaria Agust\u00edn Melgar<\/li>\n<li>Universidad Nacional Aut\u00f3noma de M\u00e9xico<\/li>\n<li>Alcald\u00eda de Azcapotzalco<\/li>\n<li>Universidad Interamericana<\/li>\n<\/ul>\n<\/div>\n<\/div>\n<div class=\"wp-block-group item scorll-up\">\n<div class=\"wp-block-group__inner-container is-layout-constrained wp-block-group-is-layout-constrained\">\n<p class=\"wp-block-heading title tit-ico lk\">Sri Lanka<\/p>\n<ul class=\"wp-block-list\">\n<li>Concejo Municipal de Negombo<\/li>\n<li>Estaci\u00f3n de Polic\u00eda de Negombo<\/li>\n<\/ul>\n<\/div>\n<\/div>\n<div class=\"wp-block-group item scorll-up\">\n<div class=\"wp-block-group__inner-container is-layout-constrained wp-block-group-is-layout-constrained\">\n<p class=\"wp-block-heading title tit-ico in\">India<\/p>\n<ul class=\"wp-block-list\">\n<li>Colegio Preuniversitario St. Joseph<\/li>\n<li>Universidad de Kalinga<\/li>\n<li>Municipio de Raipur<\/li>\n<li>Municipio de Bangalore<\/li>\n<li>Universidad Dempo<\/li>\n<li>Estaci\u00f3n de Polic\u00eda de Nalgonda<\/li>\n<li>Facultad de Ciencias y Tecnolog\u00eda Agr\u00edcolas de Doon<\/li>\n<li>Poder Legislativo de Ambattur<\/li>\n<li>MES Facultad de Artes y Comercio<\/li>\n<li>Escuela P\u00fablica Navyug<\/li>\n<li>Estaci\u00f3n de Polic\u00eda de Tr\u00e1nsito en Raipur<\/li>\n<li>Corporaci\u00f3n Municipal de Pune<\/li>\n<li>Universidad de Mujeres de Shillong<\/li>\n<li>Escuela Secundaria P\u00fablica<\/li>\n<li>Escuela Secundaria Michael<\/li>\n<li>Universidad de Ciencia y Tecnolog\u00eda, Meghalaya<\/li>\n<li>Escuela y Universidad Kai Tukaram Dhondiba Pathare<\/li>\n<li>Instituto de Carreras, Bhopal<\/li>\n<li>Universidad Rajiv Gandhi<\/li>\n<li>Instituto Prestige de Gesti\u00f3n e Investigaci\u00f3n, Gwalior<\/li>\n<li>Escuela Secundaria Flora A. Ylagan<\/li>\n<li>Facultad de Educaci\u00f3n DD Jain<\/li>\n<li>Colegio Devki Devi Jain Memorial College para Mujeres<\/li>\n<li>Oficina del Distrito de Pune<\/li>\n<\/ul>\n<\/div>\n<\/div>\n<div class=\"wp-block-group item scorll-up\">\n<div class=\"wp-block-group__inner-container is-layout-constrained wp-block-group-is-layout-constrained\">\n<p class=\"wp-block-heading title tit-ico au\">Australia<\/p>\n<ul class=\"wp-block-list\">\n<li>Distrito de Forest Lake<\/li>\n<li>Ayuntamiento de Brisbane<\/li>\n<\/ul>\n<\/div>\n<\/div>\n<\/div>\n<\/div>\n","protected":false},"excerpt":{"rendered":"Cooperamos con agencias gubernamentales y organizaciones internacionales para abordar los problemas urgentes de las regiones y pa\u00edses.","protected":false},"author":3,"featured_media":80722,"parent":0,"menu_order":0,"comment_status":"closed","ping_status":"closed","template":"","meta":{"footnotes":""},"class_list":["post-80720","page","type-page","status-publish","has-post-thumbnail","hentry"],"yoast_head":"<!-- This site is optimized with the Yoast SEO plugin v27.1.1 - https:\/\/yoast.com\/product\/yoast-seo-wordpress\/ -->\n<title>MDE - ASEZ<\/title>\n<meta name=\"robots\" content=\"index, follow, max-snippet:-1, max-image-preview:large, max-video-preview:-1\" \/>\n<link rel=\"canonical\" href=\"https:\/\/asez.org\/es\/mou\/\" \/>\n<meta property=\"og:locale\" content=\"es_ES\" \/>\n<meta property=\"og:type\" content=\"article\" \/>\n<meta property=\"og:title\" content=\"MDE - ASEZ\" \/>\n<meta property=\"og:description\" content=\"Cooperamos con agencias gubernamentales y organizaciones internacionales para abordar los problemas urgentes de las regiones y pa\u00edses.\" \/>\n<meta property=\"og:url\" content=\"https:\/\/asez.org\/es\/mou\/\" \/>\n<meta property=\"og:site_name\" content=\"ASEZ\" \/>\n<meta property=\"article:modified_time\" content=\"2025-03-24T00:08:36+00:00\" \/>\n<meta property=\"og:image\" content=\"https:\/\/asez.org\/wp-content\/uploads\/2024\/09\/thum_page_mou.jpg\" \/>\n\t<meta property=\"og:image:width\" content=\"1500\" \/>\n\t<meta property=\"og:image:height\" content=\"1000\" \/>\n\t<meta property=\"og:image:type\" content=\"image\/jpeg\" \/>\n<meta name=\"twitter:card\" content=\"summary_large_image\" \/>\n<meta name=\"twitter:label1\" content=\"Tiempo de lectura\" \/>\n\t<meta name=\"twitter:data1\" content=\"4 minutos\" \/>\n<script type=\"application\/ld+json\" class=\"yoast-schema-graph\">{\"@context\":\"https:\/\/schema.org\",\"@graph\":[{\"@type\":\"WebPage\",\"@id\":\"https:\/\/asez.org\/es\/mou\/\",\"url\":\"https:\/\/asez.org\/es\/mou\/\",\"name\":\"MDE - ASEZ\",\"isPartOf\":{\"@id\":\"https:\/\/asez.org\/es\/#website\"},\"primaryImageOfPage\":{\"@id\":\"https:\/\/asez.org\/es\/mou\/#primaryimage\"},\"image\":{\"@id\":\"https:\/\/asez.org\/es\/mou\/#primaryimage\"},\"thumbnailUrl\":\"https:\/\/asez.org\/wp-content\/uploads\/2024\/09\/thum_page_mou.jpg\",\"datePublished\":\"2024-05-31T06:17:51+00:00\",\"dateModified\":\"2025-03-24T00:08:36+00:00\",\"inLanguage\":\"es\",\"potentialAction\":[{\"@type\":\"ReadAction\",\"target\":[\"https:\/\/asez.org\/es\/mou\/\"]}]},{\"@type\":\"ImageObject\",\"inLanguage\":\"es\",\"@id\":\"https:\/\/asez.org\/es\/mou\/#primaryimage\",\"url\":\"https:\/\/asez.org\/wp-content\/uploads\/2024\/09\/thum_page_mou.jpg\",\"contentUrl\":\"https:\/\/asez.org\/wp-content\/uploads\/2024\/09\/thum_page_mou.jpg\",\"width\":1500,\"height\":1000},{\"@type\":\"WebSite\",\"@id\":\"https:\/\/asez.org\/es\/#website\",\"url\":\"https:\/\/asez.org\/es\/\",\"name\":\"ASEZ\",\"description\":\"\ud558\ub098\ub2d8\uc758\uad50\ud68c \ub300\ud559\uc0dd\ubd09\uc0ac\ub2e8\",\"potentialAction\":[{\"@type\":\"SearchAction\",\"target\":{\"@type\":\"EntryPoint\",\"urlTemplate\":\"https:\/\/asez.org\/es\/?s={search_term_string}\"},\"query-input\":{\"@type\":\"PropertyValueSpecification\",\"valueRequired\":true,\"valueName\":\"search_term_string\"}}],\"inLanguage\":\"es\"}]}<\/script>\n<!-- \/ Yoast SEO plugin. -->","yoast_head_json":{"title":"MDE - ASEZ","robots":{"index":"index","follow":"follow","max-snippet":"max-snippet:-1","max-image-preview":"max-image-preview:large","max-video-preview":"max-video-preview:-1"},"canonical":"https:\/\/asez.org\/es\/mou\/","og_locale":"es_ES","og_type":"article","og_title":"MDE - ASEZ","og_description":"Cooperamos con agencias gubernamentales y organizaciones internacionales para abordar los problemas urgentes de las regiones y pa\u00edses.","og_url":"https:\/\/asez.org\/es\/mou\/","og_site_name":"ASEZ","article_modified_time":"2025-03-24T00:08:36+00:00","og_image":[{"width":1500,"height":1000,"url":"https:\/\/asez.org\/wp-content\/uploads\/2024\/09\/thum_page_mou.jpg","type":"image\/jpeg"}],"twitter_card":"summary_large_image","twitter_misc":{"Tiempo de lectura":"4 minutos"},"schema":{"@context":"https:\/\/schema.org","@graph":[{"@type":"WebPage","@id":"https:\/\/asez.org\/es\/mou\/","url":"https:\/\/asez.org\/es\/mou\/","name":"MDE - ASEZ","isPartOf":{"@id":"https:\/\/asez.org\/es\/#website"},"primaryImageOfPage":{"@id":"https:\/\/asez.org\/es\/mou\/#primaryimage"},"image":{"@id":"https:\/\/asez.org\/es\/mou\/#primaryimage"},"thumbnailUrl":"https:\/\/asez.org\/wp-content\/uploads\/2024\/09\/thum_page_mou.jpg","datePublished":"2024-05-31T06:17:51+00:00","dateModified":"2025-03-24T00:08:36+00:00","inLanguage":"es","potentialAction":[{"@type":"ReadAction","target":["https:\/\/asez.org\/es\/mou\/"]}]},{"@type":"ImageObject","inLanguage":"es","@id":"https:\/\/asez.org\/es\/mou\/#primaryimage","url":"https:\/\/asez.org\/wp-content\/uploads\/2024\/09\/thum_page_mou.jpg","contentUrl":"https:\/\/asez.org\/wp-content\/uploads\/2024\/09\/thum_page_mou.jpg","width":1500,"height":1000},{"@type":"WebSite","@id":"https:\/\/asez.org\/es\/#website","url":"https:\/\/asez.org\/es\/","name":"ASEZ","description":"\ud558\ub098\ub2d8\uc758\uad50\ud68c \ub300\ud559\uc0dd\ubd09\uc0ac\ub2e8","potentialAction":[{"@type":"SearchAction","target":{"@type":"EntryPoint","urlTemplate":"https:\/\/asez.org\/es\/?s={search_term_string}"},"query-input":{"@type":"PropertyValueSpecification","valueRequired":true,"valueName":"search_term_string"}}],"inLanguage":"es"}]}},"_links":{"self":[{"href":"https:\/\/asez.org\/es\/wp-json\/wp\/v2\/pages\/80720","targetHints":{"allow":["GET"]}}],"collection":[{"href":"https:\/\/asez.org\/es\/wp-json\/wp\/v2\/pages"}],"about":[{"href":"https:\/\/asez.org\/es\/wp-json\/wp\/v2\/types\/page"}],"author":[{"embeddable":true,"href":"https:\/\/asez.org\/es\/wp-json\/wp\/v2\/users\/3"}],"replies":[{"embeddable":true,"href":"https:\/\/asez.org\/es\/wp-json\/wp\/v2\/comments?post=80720"}],"version-history":[{"count":3,"href":"https:\/\/asez.org\/es\/wp-json\/wp\/v2\/pages\/80720\/revisions"}],"predecessor-version":[{"id":81608,"href":"https:\/\/asez.org\/es\/wp-json\/wp\/v2\/pages\/80720\/revisions\/81608"}],"wp:featuredmedia":[{"embeddable":true,"href":"https:\/\/asez.org\/es\/wp-json\/wp\/v2\/media\/80722"}],"wp:attachment":[{"href":"https:\/\/asez.org\/es\/wp-json\/wp\/v2\/media?parent=80720"}],"curies":[{"name":"wp","href":"https:\/\/api.w.org\/{rel}","templated":true}]}}