{"id":80686,"date":"2024-06-03T13:27:22","date_gmt":"2024-06-03T04:27:22","guid":{"rendered":"https:\/\/asez.org\/asez-proposal\/"},"modified":"2025-03-24T14:49:00","modified_gmt":"2025-03-24T05:49:00","slug":"asez-proposal","status":"publish","type":"page","link":"https:\/\/asez.org\/es\/asez-proposal\/","title":{"rendered":"Movimiento de firmas en apoyo a la propuesta de ASEZ"},"content":{"rendered":"<hr class=\"wp-block-separator has-alpha-channel-opacity\"\/>\n<p>Lograr los ODS de la ONU es uno de los mayores objetivos y desaf\u00edos de la humanidad que tenemos que completar para 2030, a fin de garantizar una vida sostenible para las generaciones venideras.<\/p>\n<p>Las metas son los valores para todos y al mismo tiempo una responsabilidad que todos compartimos.<\/p>\n<p>La sostenibilidad de la Tierra, el \u00fanico refugio para toda la humanidad, depende de los seres humanos que viven en ella. El poder de la idea, la acci\u00f3n y la influencia de las personas para marcar la diferencia y finalmente cambiar al mundo entero.<\/p>\n<h3 class=\"wp-block-heading\">\u00a1Los universitarios somos los primeros en actuar!<\/h3>\n<p>Damos pasos en cada rinc\u00f3n de la Tierra, trascendiendo las fronteras de la naci\u00f3n y el idioma, con especial atenci\u00f3n a la vida de las personas, consideraci\u00f3n por los dem\u00e1s y servicios voluntarios. Nuestros cambios cambiar\u00e1n los campus universitarios, las comunidades, los pa\u00edses e incluso el mundo.<\/p>\n<p>Salvaremos las vidas y haremos que la Tierra sea sostenible con nuestra pasi\u00f3n pura, inteligencia y acci\u00f3n.<\/p>\n<p>Para que nuestras voces y acciones cambien el mundo, les pedimos que apoyen nuestros peque\u00f1os pero constantes pasos dados en todo el mundo para el futuro esperanzador de la Tierra.<\/p>\n<p class=\"reference\">* La propuesta ser\u00e1 presentada a las Naciones Unidas junto con los resultados de la campa\u00f1a de recolecci\u00f3n de firmas.<\/p>\n<p><strong>Los miembros de ASEZ, los Universitarios Voluntarios de la Iglesia de Dios, proponemos la implementaci\u00f3n de los Objetivos de Desarrollo Sostenible (ODS) de la ONU para unirnos al esfuerzo de la comunidad internacional en su cumplimiento y contribuir a la mejora de la sostenibilidad de cada pa\u00eds.<\/strong><\/p>\n<ol class=\"wp-block-list\">\n<li>Establecer una gobernanza global para lograr los 17 Objetivos de Desarrollo Sostenible (ODS) mediante el desarrollo y la expansi\u00f3n de programas de servicio voluntario universitario, teniendo en cuenta las caracter\u00edsticas regionales.<\/li>\n<li>Establecer un sistema de monitoreo en tiempo real que permita compartir y verificar la informaci\u00f3n sobre las regiones y pa\u00edses que requieren ayuda urgente.<\/li>\n<li>Forjar asociaciones entre ASEZ, la ONU, los gobiernos, las instituciones p\u00fablicas, la sociedad civil y las universidades para establecer la Zona de la Madre a nivel mundial.<\/li>\n<li>Incluir el voluntariado universitario en los Informes Nacionales Voluntarios como un medio integrado para la implementaci\u00f3n de los ODS, y brindar a los estudiantes la oportunidad de participar en el Foro Pol\u00edtico de Alto Nivel sobre el Desarrollo Sostenible para informar sobre sus actividades y logros.<\/li>\n<li>Designar el \u201cD\u00eda Internacional del Estudiante Universitario para los ODS\u201d para promover los ODS y fomentar la participaci\u00f3n de los universitarios de todo el mundo en el voluntariado.<\/li>\n<\/ol>\n","protected":false},"excerpt":{"rendered":"Apoye nuestro viaje para construir un futuro esperanzador para la comunidad global.","protected":false},"author":4,"featured_media":80687,"parent":0,"menu_order":0,"comment_status":"closed","ping_status":"closed","template":"","meta":{"footnotes":""},"class_list":["post-80686","page","type-page","status-publish","has-post-thumbnail","hentry"],"yoast_head":"<!-- This site is optimized with the Yoast SEO plugin v27.1.1 - https:\/\/yoast.com\/product\/yoast-seo-wordpress\/ -->\n<title>Movimiento de firmas en apoyo a la propuesta de ASEZ - ASEZ<\/title>\n<meta name=\"robots\" content=\"index, follow, max-snippet:-1, max-image-preview:large, max-video-preview:-1\" \/>\n<link rel=\"canonical\" href=\"https:\/\/asez.org\/es\/asez-proposal\/\" \/>\n<meta property=\"og:locale\" content=\"es_ES\" \/>\n<meta property=\"og:type\" content=\"article\" \/>\n<meta property=\"og:title\" content=\"Movimiento de firmas en apoyo a la propuesta de ASEZ - ASEZ\" \/>\n<meta property=\"og:description\" content=\"Apoye nuestro viaje para construir un futuro esperanzador para la comunidad global.\" \/>\n<meta property=\"og:url\" content=\"https:\/\/asez.org\/es\/asez-proposal\/\" \/>\n<meta property=\"og:site_name\" content=\"ASEZ\" \/>\n<meta property=\"article:modified_time\" content=\"2025-03-24T05:49:00+00:00\" \/>\n<meta property=\"og:image\" content=\"https:\/\/asez.org\/wp-content\/uploads\/2024\/09\/thum_asez_proposal-1.jpg\" \/>\n\t<meta property=\"og:image:width\" content=\"1500\" \/>\n\t<meta property=\"og:image:height\" content=\"1000\" \/>\n\t<meta property=\"og:image:type\" content=\"image\/jpeg\" \/>\n<meta name=\"twitter:card\" content=\"summary_large_image\" \/>\n<meta name=\"twitter:label1\" content=\"Tiempo de lectura\" \/>\n\t<meta name=\"twitter:data1\" content=\"3 minutos\" \/>\n<script type=\"application\/ld+json\" class=\"yoast-schema-graph\">{\"@context\":\"https:\/\/schema.org\",\"@graph\":[{\"@type\":\"WebPage\",\"@id\":\"https:\/\/asez.org\/es\/asez-proposal\/\",\"url\":\"https:\/\/asez.org\/es\/asez-proposal\/\",\"name\":\"Movimiento de firmas en apoyo a la propuesta de ASEZ - ASEZ\",\"isPartOf\":{\"@id\":\"https:\/\/asez.org\/es\/#website\"},\"primaryImageOfPage\":{\"@id\":\"https:\/\/asez.org\/es\/asez-proposal\/#primaryimage\"},\"image\":{\"@id\":\"https:\/\/asez.org\/es\/asez-proposal\/#primaryimage\"},\"thumbnailUrl\":\"https:\/\/asez.org\/wp-content\/uploads\/2024\/09\/thum_asez_proposal-1.jpg\",\"datePublished\":\"2024-06-03T04:27:22+00:00\",\"dateModified\":\"2025-03-24T05:49:00+00:00\",\"inLanguage\":\"es\",\"potentialAction\":[{\"@type\":\"ReadAction\",\"target\":[\"https:\/\/asez.org\/es\/asez-proposal\/\"]}]},{\"@type\":\"ImageObject\",\"inLanguage\":\"es\",\"@id\":\"https:\/\/asez.org\/es\/asez-proposal\/#primaryimage\",\"url\":\"https:\/\/asez.org\/wp-content\/uploads\/2024\/09\/thum_asez_proposal-1.jpg\",\"contentUrl\":\"https:\/\/asez.org\/wp-content\/uploads\/2024\/09\/thum_asez_proposal-1.jpg\",\"width\":1500,\"height\":1000},{\"@type\":\"WebSite\",\"@id\":\"https:\/\/asez.org\/es\/#website\",\"url\":\"https:\/\/asez.org\/es\/\",\"name\":\"ASEZ\",\"description\":\"\ud558\ub098\ub2d8\uc758\uad50\ud68c \ub300\ud559\uc0dd\ubd09\uc0ac\ub2e8\",\"potentialAction\":[{\"@type\":\"SearchAction\",\"target\":{\"@type\":\"EntryPoint\",\"urlTemplate\":\"https:\/\/asez.org\/es\/?s={search_term_string}\"},\"query-input\":{\"@type\":\"PropertyValueSpecification\",\"valueRequired\":true,\"valueName\":\"search_term_string\"}}],\"inLanguage\":\"es\"}]}<\/script>\n<!-- \/ Yoast SEO plugin. -->","yoast_head_json":{"title":"Movimiento de firmas en apoyo a la propuesta de ASEZ - ASEZ","robots":{"index":"index","follow":"follow","max-snippet":"max-snippet:-1","max-image-preview":"max-image-preview:large","max-video-preview":"max-video-preview:-1"},"canonical":"https:\/\/asez.org\/es\/asez-proposal\/","og_locale":"es_ES","og_type":"article","og_title":"Movimiento de firmas en apoyo a la propuesta de ASEZ - ASEZ","og_description":"Apoye nuestro viaje para construir un futuro esperanzador para la comunidad global.","og_url":"https:\/\/asez.org\/es\/asez-proposal\/","og_site_name":"ASEZ","article_modified_time":"2025-03-24T05:49:00+00:00","og_image":[{"width":1500,"height":1000,"url":"https:\/\/asez.org\/wp-content\/uploads\/2024\/09\/thum_asez_proposal-1.jpg","type":"image\/jpeg"}],"twitter_card":"summary_large_image","twitter_misc":{"Tiempo de lectura":"3 minutos"},"schema":{"@context":"https:\/\/schema.org","@graph":[{"@type":"WebPage","@id":"https:\/\/asez.org\/es\/asez-proposal\/","url":"https:\/\/asez.org\/es\/asez-proposal\/","name":"Movimiento de firmas en apoyo a la propuesta de ASEZ - ASEZ","isPartOf":{"@id":"https:\/\/asez.org\/es\/#website"},"primaryImageOfPage":{"@id":"https:\/\/asez.org\/es\/asez-proposal\/#primaryimage"},"image":{"@id":"https:\/\/asez.org\/es\/asez-proposal\/#primaryimage"},"thumbnailUrl":"https:\/\/asez.org\/wp-content\/uploads\/2024\/09\/thum_asez_proposal-1.jpg","datePublished":"2024-06-03T04:27:22+00:00","dateModified":"2025-03-24T05:49:00+00:00","inLanguage":"es","potentialAction":[{"@type":"ReadAction","target":["https:\/\/asez.org\/es\/asez-proposal\/"]}]},{"@type":"ImageObject","inLanguage":"es","@id":"https:\/\/asez.org\/es\/asez-proposal\/#primaryimage","url":"https:\/\/asez.org\/wp-content\/uploads\/2024\/09\/thum_asez_proposal-1.jpg","contentUrl":"https:\/\/asez.org\/wp-content\/uploads\/2024\/09\/thum_asez_proposal-1.jpg","width":1500,"height":1000},{"@type":"WebSite","@id":"https:\/\/asez.org\/es\/#website","url":"https:\/\/asez.org\/es\/","name":"ASEZ","description":"\ud558\ub098\ub2d8\uc758\uad50\ud68c \ub300\ud559\uc0dd\ubd09\uc0ac\ub2e8","potentialAction":[{"@type":"SearchAction","target":{"@type":"EntryPoint","urlTemplate":"https:\/\/asez.org\/es\/?s={search_term_string}"},"query-input":{"@type":"PropertyValueSpecification","valueRequired":true,"valueName":"search_term_string"}}],"inLanguage":"es"}]}},"_links":{"self":[{"href":"https:\/\/asez.org\/es\/wp-json\/wp\/v2\/pages\/80686","targetHints":{"allow":["GET"]}}],"collection":[{"href":"https:\/\/asez.org\/es\/wp-json\/wp\/v2\/pages"}],"about":[{"href":"https:\/\/asez.org\/es\/wp-json\/wp\/v2\/types\/page"}],"author":[{"embeddable":true,"href":"https:\/\/asez.org\/es\/wp-json\/wp\/v2\/users\/4"}],"replies":[{"embeddable":true,"href":"https:\/\/asez.org\/es\/wp-json\/wp\/v2\/comments?post=80686"}],"version-history":[{"count":3,"href":"https:\/\/asez.org\/es\/wp-json\/wp\/v2\/pages\/80686\/revisions"}],"predecessor-version":[{"id":81634,"href":"https:\/\/asez.org\/es\/wp-json\/wp\/v2\/pages\/80686\/revisions\/81634"}],"wp:featuredmedia":[{"embeddable":true,"href":"https:\/\/asez.org\/es\/wp-json\/wp\/v2\/media\/80687"}],"wp:attachment":[{"href":"https:\/\/asez.org\/es\/wp-json\/wp\/v2\/media?parent=80686"}],"curies":[{"name":"wp","href":"https:\/\/api.w.org\/{rel}","templated":true}]}}