{"id":80684,"date":"2024-06-03T14:52:14","date_gmt":"2024-06-03T05:52:14","guid":{"rendered":"https:\/\/asez.org\/reduce-crime-together\/"},"modified":"2025-02-25T11:16:46","modified_gmt":"2025-02-25T02:16:46","slug":"reduce-crime-together","status":"publish","type":"page","link":"https:\/\/asez.org\/es\/reduce-crime-together\/","title":{"rendered":"Campa\u00f1a de firmas de apoyo a \u201cReduzcamos Juntos el Crimen\u201d"},"content":{"rendered":"<hr class=\"wp-block-separator has-alpha-channel-opacity\"\/>\n<h3 class=\"wp-block-heading\">Reducci\u00f3n del crimen: Un requisito previo para la felicidad humana y el desarrollo sostenible<\/h3>\n<p>En 2016, 560 000 personas murieron por cr\u00edmenes violentos, terrorismo y guerra. \u201cSe asesinaba a una persona cada minuto\u201d. El 20 % de las muertes ocurrieron en zonas de guerra y conflicto, y el 80 % de ellas ocurrieron fuera de esas \u00e1reas debido a asesinatos y violencia.<\/p>\n<p>As\u00ed, el crimen est\u00e1 directamente relacionado con la vida humana, provocando traumas, miedo e inseguridad, lo que obstaculiza seriamente la felicidad de las personas. Por lo tanto, reducir el crimen y la violencia es un requisito previo para la felicidad humana y el desarrollo sostenible.<\/p>\n<p>Las Naciones Unidas tambi\u00e9n proclaman a trav\u00e9s de los Objetivos de Desarrollo Sostenible (ODS) la prevenci\u00f3n y erradicaci\u00f3n de actos criminales que da\u00f1an la vida humana para garantizar una vida y un desarrollo sostenibles, adem\u00e1s de proteger a los ciudadanos de todas las formas de violencia.<\/p>\n<h3 class=\"wp-block-heading\">El inter\u00e9s y la participaci\u00f3n de individuos, instituciones y pa\u00edses necesarios para la reducci\u00f3n del crimen<\/h3>\n<p>Seg\u00fan un informe mundial de muertes violentas en 2017, existe un escenario positivo en el que se podr\u00edan prevenir 135 millones de v\u00edctimas de cr\u00edmenes para 2030, y un escenario negativo en el que 820 000 personas morir\u00edan debido a la criminalidad.<\/p>\n<p>El criterio que crea resultados tan diferentes es el cambio de conciencia de las personas, instituciones y pa\u00edses, y su participaci\u00f3n.<\/p>\n<p>Todo nuestro inter\u00e9s y participaci\u00f3n pueden proteger las preciosas vidas de nuestras amadas familias, vecinos, amigos e incluso del mundo entero de los cr\u00edmenes que no sabemos cu\u00e1ndo pueden ocurrir.<\/p>\n<h3 class=\"wp-block-heading\">Por eso, nosotros, los universitarios, queremos empezar primero.<\/h3>\n<p>Por favor, apoye generosamente nuestras peque\u00f1as pero significativas acciones para que las voces y acciones por la paz y la felicidad humanas puedan cambiar el mundo.<\/p>\n<p><strong>ASEZ, el Grupo de Universitarios Voluntarios de la Iglesia de Dios, llevar\u00e1 a cabo la campa\u00f1a global para la prevenci\u00f3n del crimen junto con todas las personas del mundo en el amor de la Madre para hacer un mundo libre de crimen, aumentando la felicidad humana y preservando los derechos humanos.<\/strong><\/p>\n<p>ASEZ seguir\u00e1 llevando a cabo la educaci\u00f3n, el intercambio de conocimientos, actividades pr\u00e1cticas y asociaciones globales, a fin de cambiar a un individuo, y para que la persona cambiada conduzca a otros al cambio, para crear un mundo libre de cr\u00edmenes.<\/p>\n<h3 class=\"wp-block-heading\">C\u00f3mo cambiar a las personas<\/h3>\n<h4 class=\"wp-block-heading\">1. Educaci\u00f3n<\/h4>\n<ul class=\"wp-block-list\">\n<li>Educaci\u00f3n del car\u00e1cter y concienciaci\u00f3n para j\u00f3venes, universitarios, trabajadores y todos los ciudadanos.<\/li>\n<li>A qui\u00e9n cambiar: A todos en todos los lugares<sup>1<\/sup><\/li>\n<li><sup>1<\/sup>Dondequiera que haya gente, hay posibilidad de un crimen.<\/li>\n<\/ul>\n<h4 class=\"wp-block-heading\">2. Peque\u00f1o y f\u00e1cil, pero pr\u00e1cticas vitales<\/h4>\n<ul class=\"wp-block-list\">\n<li>Un movimiento de prevenci\u00f3n del crimen con j\u00f3venes, universitarios, trabajadores y todos los ciudadanos cambiados.<\/li>\n<li>Quien cambiar\u00e1: Todos en todos los lugares<sup>2<\/sup><\/li>\n<li><sup>2<\/sup>Dondequiera que haya gente con la habilidad de prevenir un crimen.\n<ul class=\"wp-block-list\">\n<li>\u2460 Estableciendo Calles de la Madre, los lugares principales donde el cambio puede realizarse<\/li>\n<li>\u2461 Guardando el orden p\u00fablico, las peque\u00f1as muestras de consideraci\u00f3n hacia los dem\u00e1s<\/li>\n<li>\u2462 Actividades especializadas seg\u00fan las caracter\u00edsticas de las regiones y las personas<\/li>\n<\/ul>\n<\/li>\n<\/ul>\n<h4 class=\"wp-block-heading\">3. Construyendo asociaciones<\/h4>\n<p>\u201cSi vamos juntos, podemos ir m\u00e1s all\u00e1\u201d.<\/p>\n<ul class=\"wp-block-list\">\n<li>Construyendo una red de prevenci\u00f3n del crimen con instituciones educacionales, gobiernos\u00a0centrales y locales, organizaciones internacionales y ONG alrededor del mundo.<\/li>\n<\/ul>\n","protected":false},"excerpt":{"rendered":"\u00danase a nosotros para crear un mundo de paz y felicidad para toda la humanidad.","protected":false},"author":2,"featured_media":80685,"parent":0,"menu_order":0,"comment_status":"closed","ping_status":"closed","template":"","meta":{"footnotes":""},"class_list":["post-80684","page","type-page","status-publish","has-post-thumbnail","hentry"],"yoast_head":"<!-- This site is optimized with the Yoast SEO plugin v27.1.1 - https:\/\/yoast.com\/product\/yoast-seo-wordpress\/ -->\n<title>Campa\u00f1a de firmas de apoyo a \u201cReduzcamos Juntos el Crimen\u201d - ASEZ<\/title>\n<meta name=\"robots\" content=\"index, follow, max-snippet:-1, max-image-preview:large, max-video-preview:-1\" \/>\n<link rel=\"canonical\" href=\"https:\/\/asez.org\/es\/reduce-crime-together\/\" \/>\n<meta property=\"og:locale\" content=\"es_ES\" \/>\n<meta property=\"og:type\" content=\"article\" \/>\n<meta property=\"og:title\" content=\"Campa\u00f1a de firmas de apoyo a \u201cReduzcamos Juntos el Crimen\u201d - ASEZ\" \/>\n<meta property=\"og:description\" content=\"\u00danase a nosotros para crear un mundo de paz y felicidad para toda la humanidad.\" \/>\n<meta property=\"og:url\" content=\"https:\/\/asez.org\/es\/reduce-crime-together\/\" \/>\n<meta property=\"og:site_name\" content=\"ASEZ\" \/>\n<meta property=\"article:modified_time\" content=\"2025-02-25T02:16:46+00:00\" \/>\n<meta property=\"og:image\" content=\"https:\/\/asez.org\/wp-content\/uploads\/2024\/09\/page_reduce_crime_together-1.jpg\" \/>\n\t<meta property=\"og:image:width\" content=\"1500\" \/>\n\t<meta property=\"og:image:height\" content=\"1000\" \/>\n\t<meta property=\"og:image:type\" content=\"image\/jpeg\" \/>\n<meta name=\"twitter:card\" content=\"summary_large_image\" \/>\n<meta name=\"twitter:label1\" content=\"Tiempo de lectura\" \/>\n\t<meta name=\"twitter:data1\" content=\"4 minutos\" \/>\n<script type=\"application\/ld+json\" class=\"yoast-schema-graph\">{\"@context\":\"https:\/\/schema.org\",\"@graph\":[{\"@type\":\"WebPage\",\"@id\":\"https:\/\/asez.org\/es\/reduce-crime-together\/\",\"url\":\"https:\/\/asez.org\/es\/reduce-crime-together\/\",\"name\":\"Campa\u00f1a de firmas de apoyo a \u201cReduzcamos Juntos el Crimen\u201d - ASEZ\",\"isPartOf\":{\"@id\":\"https:\/\/asez.org\/es\/#website\"},\"primaryImageOfPage\":{\"@id\":\"https:\/\/asez.org\/es\/reduce-crime-together\/#primaryimage\"},\"image\":{\"@id\":\"https:\/\/asez.org\/es\/reduce-crime-together\/#primaryimage\"},\"thumbnailUrl\":\"https:\/\/asez.org\/wp-content\/uploads\/2024\/09\/page_reduce_crime_together-1.jpg\",\"datePublished\":\"2024-06-03T05:52:14+00:00\",\"dateModified\":\"2025-02-25T02:16:46+00:00\",\"inLanguage\":\"es\",\"potentialAction\":[{\"@type\":\"ReadAction\",\"target\":[\"https:\/\/asez.org\/es\/reduce-crime-together\/\"]}]},{\"@type\":\"ImageObject\",\"inLanguage\":\"es\",\"@id\":\"https:\/\/asez.org\/es\/reduce-crime-together\/#primaryimage\",\"url\":\"https:\/\/asez.org\/wp-content\/uploads\/2024\/09\/page_reduce_crime_together-1.jpg\",\"contentUrl\":\"https:\/\/asez.org\/wp-content\/uploads\/2024\/09\/page_reduce_crime_together-1.jpg\",\"width\":1500,\"height\":1000},{\"@type\":\"WebSite\",\"@id\":\"https:\/\/asez.org\/es\/#website\",\"url\":\"https:\/\/asez.org\/es\/\",\"name\":\"ASEZ\",\"description\":\"\ud558\ub098\ub2d8\uc758\uad50\ud68c \ub300\ud559\uc0dd\ubd09\uc0ac\ub2e8\",\"potentialAction\":[{\"@type\":\"SearchAction\",\"target\":{\"@type\":\"EntryPoint\",\"urlTemplate\":\"https:\/\/asez.org\/es\/?s={search_term_string}\"},\"query-input\":{\"@type\":\"PropertyValueSpecification\",\"valueRequired\":true,\"valueName\":\"search_term_string\"}}],\"inLanguage\":\"es\"}]}<\/script>\n<!-- \/ Yoast SEO plugin. -->","yoast_head_json":{"title":"Campa\u00f1a de firmas de apoyo a \u201cReduzcamos Juntos el Crimen\u201d - ASEZ","robots":{"index":"index","follow":"follow","max-snippet":"max-snippet:-1","max-image-preview":"max-image-preview:large","max-video-preview":"max-video-preview:-1"},"canonical":"https:\/\/asez.org\/es\/reduce-crime-together\/","og_locale":"es_ES","og_type":"article","og_title":"Campa\u00f1a de firmas de apoyo a \u201cReduzcamos Juntos el Crimen\u201d - ASEZ","og_description":"\u00danase a nosotros para crear un mundo de paz y felicidad para toda la humanidad.","og_url":"https:\/\/asez.org\/es\/reduce-crime-together\/","og_site_name":"ASEZ","article_modified_time":"2025-02-25T02:16:46+00:00","og_image":[{"width":1500,"height":1000,"url":"https:\/\/asez.org\/wp-content\/uploads\/2024\/09\/page_reduce_crime_together-1.jpg","type":"image\/jpeg"}],"twitter_card":"summary_large_image","twitter_misc":{"Tiempo de lectura":"4 minutos"},"schema":{"@context":"https:\/\/schema.org","@graph":[{"@type":"WebPage","@id":"https:\/\/asez.org\/es\/reduce-crime-together\/","url":"https:\/\/asez.org\/es\/reduce-crime-together\/","name":"Campa\u00f1a de firmas de apoyo a \u201cReduzcamos Juntos el Crimen\u201d - ASEZ","isPartOf":{"@id":"https:\/\/asez.org\/es\/#website"},"primaryImageOfPage":{"@id":"https:\/\/asez.org\/es\/reduce-crime-together\/#primaryimage"},"image":{"@id":"https:\/\/asez.org\/es\/reduce-crime-together\/#primaryimage"},"thumbnailUrl":"https:\/\/asez.org\/wp-content\/uploads\/2024\/09\/page_reduce_crime_together-1.jpg","datePublished":"2024-06-03T05:52:14+00:00","dateModified":"2025-02-25T02:16:46+00:00","inLanguage":"es","potentialAction":[{"@type":"ReadAction","target":["https:\/\/asez.org\/es\/reduce-crime-together\/"]}]},{"@type":"ImageObject","inLanguage":"es","@id":"https:\/\/asez.org\/es\/reduce-crime-together\/#primaryimage","url":"https:\/\/asez.org\/wp-content\/uploads\/2024\/09\/page_reduce_crime_together-1.jpg","contentUrl":"https:\/\/asez.org\/wp-content\/uploads\/2024\/09\/page_reduce_crime_together-1.jpg","width":1500,"height":1000},{"@type":"WebSite","@id":"https:\/\/asez.org\/es\/#website","url":"https:\/\/asez.org\/es\/","name":"ASEZ","description":"\ud558\ub098\ub2d8\uc758\uad50\ud68c \ub300\ud559\uc0dd\ubd09\uc0ac\ub2e8","potentialAction":[{"@type":"SearchAction","target":{"@type":"EntryPoint","urlTemplate":"https:\/\/asez.org\/es\/?s={search_term_string}"},"query-input":{"@type":"PropertyValueSpecification","valueRequired":true,"valueName":"search_term_string"}}],"inLanguage":"es"}]}},"_links":{"self":[{"href":"https:\/\/asez.org\/es\/wp-json\/wp\/v2\/pages\/80684","targetHints":{"allow":["GET"]}}],"collection":[{"href":"https:\/\/asez.org\/es\/wp-json\/wp\/v2\/pages"}],"about":[{"href":"https:\/\/asez.org\/es\/wp-json\/wp\/v2\/types\/page"}],"author":[{"embeddable":true,"href":"https:\/\/asez.org\/es\/wp-json\/wp\/v2\/users\/2"}],"replies":[{"embeddable":true,"href":"https:\/\/asez.org\/es\/wp-json\/wp\/v2\/comments?post=80684"}],"version-history":[{"count":1,"href":"https:\/\/asez.org\/es\/wp-json\/wp\/v2\/pages\/80684\/revisions"}],"predecessor-version":[{"id":80890,"href":"https:\/\/asez.org\/es\/wp-json\/wp\/v2\/pages\/80684\/revisions\/80890"}],"wp:featuredmedia":[{"embeddable":true,"href":"https:\/\/asez.org\/es\/wp-json\/wp\/v2\/media\/80685"}],"wp:attachment":[{"href":"https:\/\/asez.org\/es\/wp-json\/wp\/v2\/media?parent=80684"}],"curies":[{"name":"wp","href":"https:\/\/api.w.org\/{rel}","templated":true}]}}